{"id":13,"date":"2017-03-08T13:55:05","date_gmt":"2017-03-08T13:55:05","guid":{"rendered":"http:\/\/localhost\/wp-themes\/car-repair-services\/?page_id=13"},"modified":"2019-09-17T01:06:16","modified_gmt":"2019-09-17T04:06:16","slug":"servicos","status":"publish","type":"page","link":"https:\/\/www.filipegnv.com.br\/site\/servicos\/","title":{"rendered":"Servi\u00e7os"},"content":{"rendered":"<p>[vc_row el_class=&#8221;text-center vehicle-damage&#8221;][vc_column][vc_column_text css=&#8221;.vc_custom_1568010300495{margin-bottom: 26px !important;}&#8221;]<\/p>\n<h2 class=\"h-lg text-center\">O Que N\u00f3s Fazemos?<\/h2>\n<p class=\"info text-center\">Oferecemos servi\u00e7o completo de convers\u00e3o GNV &amp; manuten\u00e7\u00e3o veicular<\/p>\n<p>[\/vc_column_text]    <div class=\"tab-content\">\r\n\r\n                <div class=\"row services-alt tab-pane fade active in\" id=\"services1\">\r\n                                <!-- post -->\r\n\r\n\t\t\t\t\t\r\n                    <div class=\"services-block-alt col-xs-6 col-sm-6 col-md-4\">\r\n                                            <div class=\"image\">\r\n                                                            <img width=\"357\" height=\"242\" src=\"https:\/\/www.filipegnv.com.br\/site\/wp-content\/uploads\/2019\/09\/img_02-357x242.gif\" class=\"img-responsive-inline wp-post-image\" alt=\"\" loading=\"lazy\" \/>                                                        \t\t\t\t\t\t\t\t<i class=\"icon icon-balance\"><\/i>\r\n\t\t\t\t\t\t\t                            \r\n                        <\/div>\r\n                        <div class=\"caption\">\r\n                            <h3 class=\"title\">Reteste de Cilindro<\/h3>\r\n                            <div class=\"text\">\r\n                                O Reteste de Cilindro \u00e9 compuls\u00f3rio a cada 5 anos da data de fabrica\u00e7\u00e3o.                            <\/div>\r\n                            \r\n                        <\/div>\r\n                                            <\/div>\r\n\t\t\t\t\t\r\n                                        <!-- post -->\r\n\r\n\t\t\t\t\t\r\n                    <div class=\"services-block-alt col-xs-6 col-sm-6 col-md-4\">\r\n                                            <div class=\"image\">\r\n                                                            <img width=\"357\" height=\"242\" src=\"https:\/\/www.filipegnv.com.br\/site\/wp-content\/uploads\/2019\/09\/new_slider4-357x242.jpg\" class=\"img-responsive-inline wp-post-image\" alt=\"\" loading=\"lazy\" \/>                                                        \t\t\t\t\t\t\t\t<i class=\"icon icon-wrech1\"><\/i>\r\n\t\t\t\t\t\t\t                            \r\n                        <\/div>\r\n                        <div class=\"caption\">\r\n                            <h3 class=\"title\">Instala\u00e7\u00e3o GNV 5\u00aa Gera\u00e7\u00e3o<\/h3>\r\n                            <div class=\"text\">\r\n                                Instala\u00e7\u00e3o, retirada ou reinstala\u00e7\u00e3o de GNV de 5\u00aa Gera\u00e7\u00e3o!                            <\/div>\r\n                            \r\n                        <\/div>\r\n                                            <\/div>\r\n\t\t\t\t\t\r\n                                        <!-- post -->\r\n\r\n\t\t\t\t\t\r\n                    <div class=\"services-block-alt col-xs-6 col-sm-6 col-md-4\">\r\n                                            <div class=\"image\">\r\n                                                            <img width=\"357\" height=\"242\" src=\"https:\/\/www.filipegnv.com.br\/site\/wp-content\/uploads\/2019\/09\/11-descubra-as-vantagens-e-limitacoes-da-instalacao-do-kit-gnv-357x242.jpg\" class=\"img-responsive-inline wp-post-image\" alt=\"\" loading=\"lazy\" \/>                                                        \t\t\t\t\t\t\t\t<i class=\"icon icon-wrench\"><\/i>\r\n\t\t\t\t\t\t\t                            \r\n                        <\/div>\r\n                        <div class=\"caption\">\r\n                            <h3 class=\"title\">Instala\u00e7\u00e3o GNV 3 Gera\u00e7\u00e3o<\/h3>\r\n                            <div class=\"text\">\r\n                                Instala\u00e7\u00e3o, retirada ou reinstala\u00e7\u00e3o de GNV de 3\u00aa Gera\u00e7\u00e3o!                            <\/div>\r\n                            \r\n                        <\/div>\r\n                                            <\/div>\r\n\t\t\t\t\t\r\n                                        <!-- post -->\r\n\r\n\t\t\t\t\t\r\n                    <div class=\"services-block-alt col-xs-6 col-sm-6 col-md-4\">\r\n                                            <div class=\"image\">\r\n                                                            <img width=\"357\" height=\"242\" src=\"https:\/\/www.filipegnv.com.br\/site\/wp-content\/uploads\/2017\/03\/services-img-01-357x242.jpg\" class=\"img-responsive-inline wp-post-image\" alt=\"\" loading=\"lazy\" srcset=\"https:\/\/www.filipegnv.com.br\/site\/wp-content\/uploads\/2017\/03\/services-img-01-357x242.jpg 357w, https:\/\/www.filipegnv.com.br\/site\/wp-content\/uploads\/2017\/03\/services-img-01-300x204.jpg 300w, https:\/\/www.filipegnv.com.br\/site\/wp-content\/uploads\/2017\/03\/services-img-01.jpg 370w\" sizes=\"(max-width: 357px) 100vw, 357px\" \/>                                                        \t\t\t\t\t\t\t\t<i class=\"icon icon-oil\"><\/i>\r\n\t\t\t\t\t\t\t                            \r\n                        <\/div>\r\n                        <div class=\"caption\">\r\n                            <h3 class=\"title\">Manuten\u00e7\u00e3o Preventiva<\/h3>\r\n                            <div class=\"text\">\r\n                                A melhor maneira de minimizar problemas em seu ve\u00edculo \u00e9 fazer uma boa manuten\u00e7\u00e3o de rotina                            <\/div>\r\n                            \r\n                        <\/div>\r\n                                            <\/div>\r\n\t\t\t\t\t\r\n                                        <!-- post -->\r\n\r\n\t\t\t\t\t\r\n                    <div class=\"services-block-alt col-xs-6 col-sm-6 col-md-4\">\r\n                                            <div class=\"image\">\r\n                                                            <img width=\"357\" height=\"242\" src=\"https:\/\/www.filipegnv.com.br\/site\/wp-content\/uploads\/2017\/03\/services-img-02-357x242.jpg\" class=\"img-responsive-inline wp-post-image\" alt=\"\" loading=\"lazy\" srcset=\"https:\/\/www.filipegnv.com.br\/site\/wp-content\/uploads\/2017\/03\/services-img-02-357x242.jpg 357w, https:\/\/www.filipegnv.com.br\/site\/wp-content\/uploads\/2017\/03\/services-img-02-300x204.jpg 300w, https:\/\/www.filipegnv.com.br\/site\/wp-content\/uploads\/2017\/03\/services-img-02.jpg 370w\" sizes=\"(max-width: 357px) 100vw, 357px\" \/>                                                        \t\t\t\t\t\t\t\t<i class=\"icon icon-disc-brake\"><\/i>\r\n\t\t\t\t\t\t\t                            \r\n                        <\/div>\r\n                        <div class=\"caption\">\r\n                            <h3 class=\"title\">Repara\u00e7\u00e3o e servi\u00e7os de freios<\/h3>\r\n                            <div class=\"text\">\r\n                                Os freios se desgastam com o tempo, necessitando de manuten\u00e7\u00e3o                            <\/div>\r\n                            \r\n                        <\/div>\r\n                                            <\/div>\r\n\t\t\t\t\t\r\n                                        <!-- post -->\r\n\r\n\t\t\t\t\t\r\n                    <div class=\"services-block-alt col-xs-6 col-sm-6 col-md-4\">\r\n                                            <div class=\"image\">\r\n                                                            <img width=\"357\" height=\"242\" src=\"https:\/\/www.filipegnv.com.br\/site\/wp-content\/uploads\/2017\/03\/services-img-05-357x242.jpg\" class=\"img-responsive-inline wp-post-image\" alt=\"\" loading=\"lazy\" srcset=\"https:\/\/www.filipegnv.com.br\/site\/wp-content\/uploads\/2017\/03\/services-img-05-357x242.jpg 357w, https:\/\/www.filipegnv.com.br\/site\/wp-content\/uploads\/2017\/03\/services-img-05-300x204.jpg 300w, https:\/\/www.filipegnv.com.br\/site\/wp-content\/uploads\/2017\/03\/services-img-05.jpg 370w\" sizes=\"(max-width: 357px) 100vw, 357px\" \/>                                                        \t\t\t\t\t\t\t\t<i class=\"icon icon-engine\"><\/i>\r\n\t\t\t\t\t\t\t                            \r\n                        <\/div>\r\n                        <div class=\"caption\">\r\n                            <h3 class=\"title\">Mec\u00e2nica leve em motores<\/h3>\r\n                            <div class=\"text\">\r\n                                Reparos simples para o bom funcionamento do motor de seu ve\u00edculo                            <\/div>\r\n                            \r\n                        <\/div>\r\n                                            <\/div>\r\n\t\t\t\t\t\r\n                                        <!-- post -->\r\n\r\n\t\t\t\t\t\r\n                    <div class=\"services-block-alt col-xs-6 col-sm-6 col-md-4\">\r\n                                            <div class=\"image\">\r\n                                                            <img width=\"357\" height=\"242\" src=\"https:\/\/www.filipegnv.com.br\/site\/wp-content\/uploads\/2017\/03\/services-img-06-357x242.jpg\" class=\"img-responsive-inline wp-post-image\" alt=\"\" loading=\"lazy\" \/>                                                        \t\t\t\t\t\t\t\t<i class=\"icon icon-exhaust-pipe\"><\/i>\r\n\t\t\t\t\t\t\t                            \r\n                        <\/div>\r\n                        <div class=\"caption\">\r\n                            <h3 class=\"title\">Sistema de inje\u00e7\u00e3o<\/h3>\r\n                            <div class=\"text\">\r\n                                A inje\u00e7\u00e3o \u00e9 um componente important\u00edssimo para o bom funcionamento de seu ve\u00edculo                            <\/div>\r\n                            \r\n                        <\/div>\r\n                                            <\/div>\r\n\t\t\t\t\t\r\n                                    <!-- post navigation -->\r\n            <\/div> <!--.services-alt-->\r\n        <\/div><!--.tab-content-->\r\n           \r\n    \r\n    [vc_empty_space][\/vc_column][\/vc_row][vc_row full_width=&#8221;stretch_row&#8221; el_class=&#8221;block bg-5 service-page-services&#8221; css=&#8221;.vc_custom_1540383628931{background-image: url(http:\/\/smartdata.tonytemplates.com\/car-repair-service\/car3\/wp-content\/uploads\/sites\/7\/2018\/10\/block-bg-5.jpg?id=1847) !important;}&#8221;][vc_column][vc_column_text]<\/p>\n<h2 class=\"h-lg text-center\">Nossos Servi\u00e7os<\/h2>\n<p class=\"info text-center\">Abaixo est\u00e3o alguns dos servi\u00e7os adicionais que oferecemos:<\/p>\n<p>[\/vc_column_text][vc_row_inner][vc_column_inner width=&#8221;1\/2&#8243; offset=&#8221;vc_col-md-4&#8243; css=&#8221;.vc_custom_1512554285898{margin-bottom: 0px !important;}&#8221;][vc_column_text css=&#8221;.vc_custom_1568010142732{margin-bottom: 0px !important;}&#8221;]<\/p>\n<ul class=\"marker-list-sm-1\">\n<li>Manuten\u00e7\u00e3o em Tetra Fuel<\/li>\n<li>Manuten\u00e7\u00e3o em KITS 5\u00aa Gera\u00e7\u00e3o<\/li>\n<li>Manuten\u00e7\u00e3o em KITS BRC<\/li>\n<li>Manuten\u00e7\u00e3o em KITS ZAVOLI<\/li>\n<li>Manuten\u00e7\u00e3o em KITS T.A<\/li>\n<li>Manuten\u00e7\u00e3o em KITS LANDI RENZO<\/li>\n<li>Manuten\u00e7\u00e3o em KITS EMER<\/li>\n<li>Manuten\u00e7\u00e3o em KITS HOFFMANN<\/li>\n<\/ul>\n<p>[\/vc_column_text][\/vc_column_inner][vc_column_inner width=&#8221;1\/2&#8243; offset=&#8221;vc_col-md-4&#8243; css=&#8221;.vc_custom_1512554292882{margin-bottom: 0px !important;}&#8221;][vc_column_text css=&#8221;.vc_custom_1568693157656{margin-bottom: 0px !important;}&#8221;]<\/p>\n<div class=\"view-more-mobile\">\n<ul class=\"marker-list-sm-1\">\n<li>Manuten\u00e7\u00e3o em KITS IGT<\/li>\n<li>Manuten\u00e7\u00e3o em KITS BIGAS EASY<\/li>\n<li>Manuten\u00e7\u00e3o em KITS LOVATO<\/li>\n<li>Manuten\u00e7\u00e3o em KITS OMVL<\/li>\n<li>Manuten\u00e7\u00e3o em Redutores<\/li>\n<li>Reparo de Inje\u00e7\u00e3o Eletr\u00f4nica<\/li>\n<li>Troca de \u00d3leo<\/li>\n<li>Troca de Suspens\u00e3o<\/li>\n<\/ul>\n<\/div>\n<p>[\/vc_column_text][\/vc_column_inner][vc_column_inner width=&#8221;1\/2&#8243; offset=&#8221;vc_col-md-4&#8243; css=&#8221;.vc_custom_1512554300673{margin-bottom: 0px !important;}&#8221;][vc_column_text css=&#8221;.vc_custom_1568693174235{margin-bottom: 0px !important;}&#8221;]<\/p>\n<div class=\"view-more-mobile view-more-tablet\">\n<ul class=\"marker-list-sm-1\">\n<li>Troca de Cabos e Velas<\/li>\n<li>Reteste de Cilindro<\/li>\n<li>Mec\u00e2nica Leve<\/li>\n<li>Scanner Automotivo<\/li>\n<li>Diagn\u00f3sticos<\/li>\n<li>Manuten\u00e7\u00e3o Preventiva<\/li>\n<\/ul>\n<\/div>\n<p>[\/vc_column_text][\/vc_column_inner][\/vc_row_inner][vc_column_text el_class=&#8221;text-center&#8221; css=&#8221;.vc_custom_1513060709621{margin-bottom: 0px !important;}&#8221;]<\/p>\n<div class=\"text-center\"><a class=\"view-more-link color\" href=\"#slideMobile\"><span class=\"more\">All Services<\/span><span class=\"less\">Hide All Services<\/span><\/a><\/div>\n<p>[\/vc_column_text][\/vc_column][\/vc_row][vc_row css=&#8221;.vc_custom_1513071360349{margin-top: -40px !important;}&#8221; el_class=&#8221;text-center services-pages-txt service-page-quality-car&#8221;][vc_column][vc_column_text]<\/p>\n<div class=\"text-center\">\n<h2 class=\"h-lg h-noline\">Precisa de informa\u00e7\u00f5es referentes \u00e0 seu ve\u00edculo? N\u00f3s podemos lhe ajudar!<\/h2>\n<p class=\"info\">Somos especializados em convers\u00f5es GNV. De fato, aprendemos com os melhores profissionais da \u00e9poca e temos os melhores profissionais ao nosso lado para realizar um trabalho de excel\u00eancia.<\/p>\n<\/div>\n<p>[\/vc_column_text]        <a class=\"btn btn-invert\" href=\"#\" data-toggle=\"modal\" data-target=\"#appointmentForm\"><span>OR\u00c7AMENTO<\/span><\/a>\r\n                                        <a href=\"https:\/\/www.filipegnv.com.br\/site\/contato\/\"   class=\"btn btn-border\" rel=\"\"  >\r\n            FALE CONOSCO        <\/a>\r\n        [\/vc_column][\/vc_row]<\/p>\n","protected":false},"excerpt":{"rendered":"<p>[vc_row el_class=&#8221;text-center vehicle-damage&#8221;][vc_column][vc_column_text css=&#8221;.vc_custom_1568010300495{margin-bottom: 26px !important;}&#8221;] O Que N\u00f3s Fazemos? Oferecemos servi\u00e7o completo de convers\u00e3o GNV &amp; manuten\u00e7\u00e3o veicular [\/vc_column_text][vc_empty_space][\/vc_column][\/vc_row][vc_row full_width=&#8221;stretch_row&#8221; el_class=&#8221;block bg-5 service-page-services&#8221; css=&#8221;.vc_custom_1540383628931{background-image: url(http:\/\/smartdata.tonytemplates.com\/car-repair-service\/car3\/wp-content\/uploads\/sites\/7\/2018\/10\/block-bg-5.jpg?id=1847) !important;}&#8221;][vc_column][vc_column_text] Nossos Servi\u00e7os Abaixo est\u00e3o alguns dos servi\u00e7os adicionais que oferecemos: [\/vc_column_text][vc_row_inner][vc_column_inner width=&#8221;1\/2&#8243; offset=&#8221;vc_col-md-4&#8243; css=&#8221;.vc_custom_1512554285898{margin-bottom: 0px !important;}&#8221;][vc_column_text css=&#8221;.vc_custom_1568010142732{margin-bottom: 0px !important;}&#8221;] Manuten\u00e7\u00e3o em Tetra Fuel Manuten\u00e7\u00e3o em KITS 5\u00aa Gera\u00e7\u00e3o&#8230;<\/p>\n","protected":false},"author":1,"featured_media":0,"parent":0,"menu_order":0,"comment_status":"closed","ping_status":"closed","template":"","meta":[],"_links":{"self":[{"href":"https:\/\/www.filipegnv.com.br\/site\/wp-json\/wp\/v2\/pages\/13"}],"collection":[{"href":"https:\/\/www.filipegnv.com.br\/site\/wp-json\/wp\/v2\/pages"}],"about":[{"href":"https:\/\/www.filipegnv.com.br\/site\/wp-json\/wp\/v2\/types\/page"}],"author":[{"embeddable":true,"href":"https:\/\/www.filipegnv.com.br\/site\/wp-json\/wp\/v2\/users\/1"}],"replies":[{"embeddable":true,"href":"https:\/\/www.filipegnv.com.br\/site\/wp-json\/wp\/v2\/comments?post=13"}],"version-history":[{"count":9,"href":"https:\/\/www.filipegnv.com.br\/site\/wp-json\/wp\/v2\/pages\/13\/revisions"}],"predecessor-version":[{"id":2198,"href":"https:\/\/www.filipegnv.com.br\/site\/wp-json\/wp\/v2\/pages\/13\/revisions\/2198"}],"wp:attachment":[{"href":"https:\/\/www.filipegnv.com.br\/site\/wp-json\/wp\/v2\/media?parent=13"}],"curies":[{"name":"wp","href":"https:\/\/api.w.org\/{rel}","templated":true}]}}