{"id":1520,"date":"2017-03-08T07:18:04","date_gmt":"2017-03-08T07:18:04","guid":{"rendered":"http:\/\/localhost\/wp-themes\/car-repair-services\/?page_id=2"},"modified":"2019-09-17T01:04:14","modified_gmt":"2019-09-17T04:04:14","slug":"sobre-nos","status":"publish","type":"page","link":"https:\/\/www.filipegnv.com.br\/site\/sobre-nos\/","title":{"rendered":"Sobre N\u00f3s"},"content":{"rendered":"<p>[vc_row][vc_column][vc_column_text css=&#8221;.vc_custom_1562165176455{margin-bottom: 45px !important;}&#8221;]<\/p>\n<h1 class=\"text-center h-lg\">Sobre o Filipe GNV<\/h1>\n<p>[\/vc_column_text][\/vc_column][\/vc_row][vc_row css=&#8221;.vc_custom_1516675792626{padding-bottom: 20px !important;}&#8221;][vc_column][vc_row_inner el_class=&#8221;abot-txt&#8221;][vc_column_inner width=&#8221;1\/2&#8243;][vc_single_image image=&#8221;1823&#8243; img_size=&#8221;full&#8221;][\/vc_column_inner][vc_column_inner el_class=&#8221;about-us-after-image&#8221; width=&#8221;1\/2&#8243;][vc_column_text]<\/p>\n<h4><i>Uma hist\u00f3ria de sucesso desde 2001<\/i><\/h4>\n<p>A Filipe GNV est\u00e1 presente desde 2001 no mercado de instala\u00e7\u00e3o e manuten\u00e7\u00e3o de Kits GNV, com aperfei\u00e7oamento em inje\u00e7\u00e3o eletr\u00f4nica e mec\u00e2nica de motores \u00e0 gasolina e flex.<\/p>\n<p>Nosso conhecimento no segmento de convers\u00f5es GNV \u00e9 bem amplo, pois, acompanhamos as grandes mudan\u00e7as que esse mercado j\u00e1 sofreu.<\/p>\n<p>Tivemos a oportunidade de aprender sobre convers\u00e3o GNV com os melhores profissionais da \u00e9poca sendo um deles o Henrique Entringe de Souza (T\u00e9cnico da empresa Landirenzo e Lovato do Brasil). Al\u00e9m de participarmos perifericamente do projeto Diesel G\u00e1s nos \u00f4nibus da empresa Regina em 2003.<\/p>\n<p>Com todo esse processo de forma\u00e7\u00e3o, acumulamos muita experi\u00eancia para atender de maneira precisa e eficaz todos os nossos clientes! Venha conhecer de perto nossos servi\u00e7os!<\/p>\n<p>Forte abra\u00e7o, Filipe GNV.<\/p>\n<p>[\/vc_column_text][\/vc_column_inner][\/vc_row_inner][\/vc_column][\/vc_row][vc_row][vc_column][vc_empty_space height=&#8221;45px&#8221;][vc_column_text]A convertedora Filipe GNV \u00e9 homologa pelo INMETRO, seguindo rigorosamente as normas sempre buscando a excel\u00eancia no atendimento. Com vasto conhecimento no ramo de convers\u00e3o de ve\u00edculos para GNV, nossos instaladores est\u00e3o aptos para instalar o sistema em carros importados, autom\u00e1ticos, 6 cilindros e carros com sistema de inje\u00e7\u00e3o direta.[\/vc_column_text][\/vc_column][\/vc_row][vc_row el_class=&#8221;text-center services-pages-txt about-page-last-content&#8221;][vc_column][vc_column_text]<\/p>\n<div class=\"text-center\">\n<h2 class=\"h-lg\">Precisa de informa\u00e7\u00f5es referentes \u00e0 seu ve\u00edculo? N\u00f3s podemos lhe ajudar!<\/h2>\n<p class=\"info\">Somos especializados em convers\u00f5es GNV. De fato, aprendemos com os melhores profissionais da \u00e9poca e temos os melhores profissionais ao nosso lado para realizar um trabalho de excel\u00eancia.<\/p>\n<h2 class=\"h-phone\">Ligue: (21) 3579-9096<br \/>\n(21) 96446-2825<\/h2>\n<\/div>\n<p>[\/vc_column_text]        <a class=\"btn btn-invert\" href=\"#\" data-toggle=\"modal\" data-target=\"#appointmentForm\"><span>OR\u00c7AMENTO<\/span><\/a>\r\n                                        <a href=\"https:\/\/www.filipegnv.com.br\/site\/contato\/\"   class=\"btn btn-border\" rel=\"\"  >\r\n            FALE CONOSCO        <\/a>\r\n        [\/vc_column][\/vc_row]<\/p>\n","protected":false},"excerpt":{"rendered":"<p>[vc_row][vc_column][vc_column_text css=&#8221;.vc_custom_1562165176455{margin-bottom: 45px !important;}&#8221;] Sobre o Filipe GNV [\/vc_column_text][\/vc_column][\/vc_row][vc_row css=&#8221;.vc_custom_1516675792626{padding-bottom: 20px !important;}&#8221;][vc_column][vc_row_inner el_class=&#8221;abot-txt&#8221;][vc_column_inner width=&#8221;1\/2&#8243;][vc_single_image image=&#8221;1823&#8243; img_size=&#8221;full&#8221;][\/vc_column_inner][vc_column_inner el_class=&#8221;about-us-after-image&#8221; width=&#8221;1\/2&#8243;][vc_column_text] Uma hist\u00f3ria de sucesso desde 2001 A Filipe GNV est\u00e1 presente desde 2001 no mercado de instala\u00e7\u00e3o e manuten\u00e7\u00e3o de Kits GNV, com aperfei\u00e7oamento em inje\u00e7\u00e3o eletr\u00f4nica e mec\u00e2nica de motores \u00e0 gasolina e flex. Nosso conhecimento&#8230;<\/p>\n","protected":false},"author":1,"featured_media":0,"parent":0,"menu_order":0,"comment_status":"closed","ping_status":"closed","template":"","meta":[],"_links":{"self":[{"href":"https:\/\/www.filipegnv.com.br\/site\/wp-json\/wp\/v2\/pages\/1520"}],"collection":[{"href":"https:\/\/www.filipegnv.com.br\/site\/wp-json\/wp\/v2\/pages"}],"about":[{"href":"https:\/\/www.filipegnv.com.br\/site\/wp-json\/wp\/v2\/types\/page"}],"author":[{"embeddable":true,"href":"https:\/\/www.filipegnv.com.br\/site\/wp-json\/wp\/v2\/users\/1"}],"replies":[{"embeddable":true,"href":"https:\/\/www.filipegnv.com.br\/site\/wp-json\/wp\/v2\/comments?post=1520"}],"version-history":[{"count":10,"href":"https:\/\/www.filipegnv.com.br\/site\/wp-json\/wp\/v2\/pages\/1520\/revisions"}],"predecessor-version":[{"id":2197,"href":"https:\/\/www.filipegnv.com.br\/site\/wp-json\/wp\/v2\/pages\/1520\/revisions\/2197"}],"wp:attachment":[{"href":"https:\/\/www.filipegnv.com.br\/site\/wp-json\/wp\/v2\/media?parent=1520"}],"curies":[{"name":"wp","href":"https:\/\/api.w.org\/{rel}","templated":true}]}}