{"id":2,"date":"2019-05-27T15:40:01","date_gmt":"2019-05-27T18:40:01","guid":{"rendered":"https:\/\/www.filipegnv.com.br\/site\/?page_id=2"},"modified":"2021-11-08T14:15:27","modified_gmt":"2021-11-08T17:15:27","slug":"filipe-gnv-connect","status":"publish","type":"page","link":"https:\/\/www.filipegnv.com.br\/site\/filipe-gnv-connect\/","title":{"rendered":"Filipe GNV Connect"},"content":{"rendered":"<p>[vc_row][vc_column][vc_column_text]<\/p>\r\n<figure class=\"wp-block-image\"><img loading=\"lazy\" width=\"1024\" height=\"447\" class=\"wp-image-2209\" src=\"https:\/\/www.filipegnv.com.br\/site\/wp-content\/uploads\/2021\/07\/Sem-t\u00edtulo-5-1-1024x447.jpg\" alt=\"\" srcset=\"https:\/\/www.filipegnv.com.br\/site\/wp-content\/uploads\/2021\/07\/Sem-t\u00edtulo-5-1-1024x447.jpg 1024w, https:\/\/www.filipegnv.com.br\/site\/wp-content\/uploads\/2021\/07\/Sem-t\u00edtulo-5-1-300x131.jpg 300w, https:\/\/www.filipegnv.com.br\/site\/wp-content\/uploads\/2021\/07\/Sem-t\u00edtulo-5-1-768x336.jpg 768w, https:\/\/www.filipegnv.com.br\/site\/wp-content\/uploads\/2021\/07\/Sem-t\u00edtulo-5-1-870x380.jpg 870w, https:\/\/www.filipegnv.com.br\/site\/wp-content\/uploads\/2021\/07\/Sem-t\u00edtulo-5-1.jpg 1181w\" sizes=\"(max-width: 1024px) 100vw, 1024px\" \/><\/figure>\r\n\r\n<p>A manuten\u00e7\u00e3o preventiva do seu ve\u00edculo com GNV \u00e9 aquela realizada periodicamente para corrigir falhas e prevenir problemas futuros, antes que eles aconte\u00e7am. Quando ela n\u00e3o \u00e9 feita de forma apropriada dentro do prazo certo, a chance do seu autom\u00f3vel precisar de uma manuten\u00e7\u00e3o corretiva aumenta, e o valor dessa manuten\u00e7\u00e3o pode custar muito mais!<\/p>\r\n\r\n<p>&nbsp;<\/p>\r\n\r\n<blockquote class=\"wp-block-quote\">\r\n<p>Al\u00e9m do valor do conserto do seu sistema de abastecimento em GNV ser mais alto quando alguma coisa deixa de funcionar, com a pratica da manuten\u00e7\u00e3o corretiva voc\u00ea tamb\u00e9m sai perdendo em produtividade.<\/p>\r\n<\/blockquote>\r\n\r\n<p>Dependendo do problema causado, seu ve\u00edculo com abastecimento em GNV pode ficar parado na oficina durante dias, aguardando uma pe\u00e7a que n\u00e3o est\u00e1 dispon\u00edvel com tanta frequ\u00eancia no mercado.<\/p>\r\n\r\n<p>&nbsp;<\/p>\r\n\r\n<blockquote class=\"wp-block-quote\">\r\n<p>Imagine se nesse per\u00edodo, voc\u00ea n\u00e3o puder ficar sem o seu ve\u00edculo pois est\u00e1 com muito trabalho ou compromissos que n\u00e3o podem ser adiados e dependem de sua autonomia de deslocamento, vai acabar sendo obrigado a pagar o aluguel de um carro reserva para que sua opera\u00e7\u00e3o continue rodando e o preju\u00edzo n\u00e3o aumente ainda mais, com transtornos diretos e indiretos que acabam tendo consequ\u00eancias incalcul\u00e1veis.<\/p>\r\n<\/blockquote>\r\n\r\n<p>&nbsp;<\/p>\r\n\r\n<div class=\"wp-block-columns has-2-columns\">\r\n<div class=\"wp-block-column\">\r\n<figure class=\"wp-block-image\"><img loading=\"lazy\" width=\"416\" height=\"339\" class=\"wp-image-2222\" src=\"https:\/\/www.filipegnv.com.br\/site\/wp-content\/uploads\/2021\/07\/Sem-t\u00edtulo-9.jpg\" alt=\"\" srcset=\"https:\/\/www.filipegnv.com.br\/site\/wp-content\/uploads\/2021\/07\/Sem-t\u00edtulo-9.jpg 416w, https:\/\/www.filipegnv.com.br\/site\/wp-content\/uploads\/2021\/07\/Sem-t\u00edtulo-9-300x244.jpg 300w\" sizes=\"(max-width: 416px) 100vw, 416px\" \/><\/figure>\r\n<p><\/p>\r\n<\/div>\r\n\r\n\r\n\r\n<div class=\"wp-block-column\">\r\n<p><em><span style=\"font-size: x-large;\">Infelizmente temos que alertar a voc\u00ea que a falta da manuten\u00e7\u00e3o preventiva pode causar al\u00e9m de preju\u00edzos no seu or\u00e7amento, algum acidente irrepar\u00e1vel ou at\u00e9 mesmo um acidente de tr\u00e2nsito repentino, o que pode custar at\u00e9 o seu ve\u00edculo ou o risco a vida do seu motorista e de outras pessoas. <\/span><\/em><\/p>\r\n<p><\/p>\r\n<\/div>\r\n<p><\/p>\r\n<\/div>\r\n\r\n<p>&nbsp;<\/p>\r\n\r\n<div class=\"wp-block-columns has-2-columns\">\r\n<div class=\"wp-block-column\">\r\n<p>A manuten\u00e7\u00e3o preventiva ainda traz outras vantagens, al\u00e9m da redu\u00e7\u00e3o de custos e do aumento na seguran\u00e7a, como a garantia assegurada, a prote\u00e7\u00e3o contra a desvaloriza\u00e7\u00e3o do autom\u00f3vel em raz\u00e3o do dano em outras partes do sistema de funcionamento do ve\u00edculo e o al\u00edvio no seguro do carro.<\/p>\r\n\r\n<p>Preparamos uma tabela abaixo para que possa fazer os c\u00e1lculos de manuten\u00e7\u00e3o preventiva do sistema GNV de seu ve\u00edculo no plano do Filipe GNV Connect, dessa forma poder\u00e1 planejar as manuten\u00e7\u00f5es dos seus ve\u00edculos com mais efici\u00eancia.<\/p>\r\n\r\n<p>Para maiores informa\u00e7\u00f5es sobre o sistema de manuten\u00e7\u00e3o preventiva do Filipe GNV Connect, clique no bot\u00e3o abaixo, fale com um consultor especializado e receba o material informativo em seu e-mail:<\/p>\r\n<p><\/p>\r\n<\/div>\r\n\r\n\r\n\r\n<div class=\"wp-block-column\">\r\n<figure class=\"wp-block-image\"><img loading=\"lazy\" width=\"400\" height=\"373\" class=\"wp-image-2212\" src=\"https:\/\/www.filipegnv.com.br\/site\/wp-content\/uploads\/2021\/07\/Sem-t\u00edtulo-6.jpg\" alt=\"\" srcset=\"https:\/\/www.filipegnv.com.br\/site\/wp-content\/uploads\/2021\/07\/Sem-t\u00edtulo-6.jpg 400w, https:\/\/www.filipegnv.com.br\/site\/wp-content\/uploads\/2021\/07\/Sem-t\u00edtulo-6-300x280.jpg 300w\" sizes=\"(max-width: 400px) 100vw, 400px\" \/><\/figure>\r\n<p><\/p>\r\n<\/div>\r\n<p><\/p>\r\n<\/div>\r\n\r\n<p>&nbsp;<\/p>\r\n\r\n<div class=\"wp-block-columns has-2-columns\">\r\n<div class=\"wp-block-column\">\r\n<div class=\"wp-block-spacer\" style=\"height: 100px;\" aria-hidden=\"true\">\u00a0<\/div>\r\n<p><\/p>\r\n<\/div>\r\n\r\n\r\n\r\n<div class=\"wp-block-column\"><\/div>\r\n<p><\/p>\r\n<\/div>\r\n\r\n<p>&nbsp;<\/p>\r\n\r\n<div class=\"wp-block-button aligncenter\"><a class=\"wp-block-button__link has-background\" style=\"background-color: #46790b;\" href=\"https:\/\/api.whatsapp.com\/send?phone=5521969078803&amp;text=Visitei o Site e Gostaria de Informa\u00e7\u00f5es sobre Filipe GNV Connect\">Entre em Contato Agora Para Saber Mais\u00a0<\/a><\/div>\r\n\r\n<p>&nbsp;<\/p>\r\n\r\n<div class=\"wp-block-columns has-2-columns\">\r\n<div class=\"wp-block-column\">\r\n<div class=\"wp-block-spacer\" style=\"height: 100px;\" aria-hidden=\"true\">\u00a0<\/div>\r\n<p><\/p>\r\n<\/div>\r\n\r\n\r\n\r\n<div class=\"wp-block-column\">\u00a0<\/div>\r\n<p><\/p>\r\n<\/div>\r\n\r\n<p>&nbsp;<\/p>\r\n\r\n<div class=\"wp-block-columns has-2-columns\">\r\n<div class=\"wp-block-column\">\r\n<figure class=\"wp-block-image\"><img loading=\"lazy\" width=\"766\" height=\"708\" class=\"wp-image-2216\" src=\"https:\/\/www.filipegnv.com.br\/site\/wp-content\/uploads\/2021\/07\/WhatsApp-Image-2021-06-29-at-20.jpg\" alt=\"\" srcset=\"https:\/\/www.filipegnv.com.br\/site\/wp-content\/uploads\/2021\/07\/WhatsApp-Image-2021-06-29-at-20.jpg 766w, https:\/\/www.filipegnv.com.br\/site\/wp-content\/uploads\/2021\/07\/WhatsApp-Image-2021-06-29-at-20-300x277.jpg 300w, https:\/\/www.filipegnv.com.br\/site\/wp-content\/uploads\/2021\/07\/WhatsApp-Image-2021-06-29-at-20-531x491.jpg 531w\" sizes=\"(max-width: 766px) 100vw, 766px\" \/><\/figure>\r\n<p><\/p>\r\n<\/div>\r\n\r\n\r\n\r\n<div class=\"wp-block-column\">\r\n<p>A manuten\u00e7\u00e3o preventiva do sistema de abastecimento veicular por GNV \u00e9 a forma mais eficaz e econ\u00f4mica de manter o ve\u00edculo em bom estado, garantindo a melhor autonomia no funcionamento e economia durante a sua utiliza\u00e7\u00e3o. Lembrando que para um consumo otimizado o autom\u00f3vel necessita estar com os pneus bem calibrados e com a geometria e o balanceamento em dia, sendo assim ser\u00e1 certo utilizar menos combust\u00edvel e aumentar a lucratividade no uso do autom\u00f3vel para profissionais e empresas.<\/p>\r\n\r\n\r\n\r\n<p>O ciclo de manuten\u00e7\u00e3o preventiva do sistema de abastecimento veicular por GNV, vai depender muito do modelo e da marca de cada ve\u00edculo e do KIT GNV instalado. Via de regra, a manuten\u00e7\u00e3o precisa ser feita a cada 6 meses ou a cada 10 mil quil\u00f4metros, o que vier primeiro. Mas dependendo da conduta do motorista e das situa\u00e7\u00f5es \u00e0s quais o carro \u00e9 exposto, como transitar por estradas em mau estado de conserva\u00e7\u00e3o e sem asfalto, estradas de terra ou ficar muito tempo parado em congestionamentos, o intervalo entre as manuten\u00e7\u00f5es pode ser menor.<\/p>\r\n<p><\/p>\r\n<\/div>\r\n<p><\/p>\r\n<\/div>\r\n\r\n<p>Controlar as manuten\u00e7\u00f5es de uma frota n\u00e3o \u00e9 tarefa f\u00e1cil e necessita de apoio especial de profissionais com conhecimento t\u00e9cnico especifico para apoiar as decis\u00f5es a serem tomadas.<\/p>\r\n\r\n<p>Saber a data exata em que a manuten\u00e7\u00e3o preventiva do sistema de abastecimento veicular por GNV deve ser feita no carro pessoal \u00e9 mais f\u00e1cil, pois basta acompanhar a quilometragem a cada dia e levar para sua manuten\u00e7\u00e3o preventiva no Filipe GNV Connect.<\/p>\r\n\r\n<p>Para frotas o custo com a manuten\u00e7\u00e3o corretiva de 100, 200 ou 500 ve\u00edculos, pode atingir a casa de cinco d\u00edgitos, o que pode representar um preju\u00edzo muito grande, portanto se faz necess\u00e1rio um maior controle e apoio log\u00edstico e operacional. Com a manuten\u00e7\u00e3o preventiva o risco de preju\u00edzo pode representar lucro na opera\u00e7\u00e3o, pois o valor da manuten\u00e7\u00e3o preventiva, comparada com o custo de um carro parado e de uma manuten\u00e7\u00e3o corretiva pode ser muito grande.<\/p>\r\n\r\n<p>&nbsp;<\/p>\r\n\r\n<div class=\"wp-block-columns has-2-columns\">\r\n<div class=\"wp-block-column\">\u00a0<\/div>\r\n\r\n\r\n\r\n<div class=\"wp-block-column\">\u00a0<\/div>\r\n<p><\/p>\r\n<\/div>\r\n\r\n<p>&nbsp;<\/p>\r\n\r\n<div class=\"wp-block-image\">\r\n<figure class=\"aligncenter\"><img loading=\"lazy\" width=\"767\" height=\"761\" class=\"wp-image-2283\" src=\"https:\/\/www.filipegnv.com.br\/site\/wp-content\/uploads\/2021\/07\/Sem-t\u00edtulo-10-1.jpg\" alt=\"\" srcset=\"https:\/\/www.filipegnv.com.br\/site\/wp-content\/uploads\/2021\/07\/Sem-t\u00edtulo-10-1.jpg 767w, https:\/\/www.filipegnv.com.br\/site\/wp-content\/uploads\/2021\/07\/Sem-t\u00edtulo-10-1-150x150.jpg 150w, https:\/\/www.filipegnv.com.br\/site\/wp-content\/uploads\/2021\/07\/Sem-t\u00edtulo-10-1-300x298.jpg 300w, https:\/\/www.filipegnv.com.br\/site\/wp-content\/uploads\/2021\/07\/Sem-t\u00edtulo-10-1-495x491.jpg 495w\" sizes=\"(max-width: 767px) 100vw, 767px\" \/><\/figure>\r\n<\/div>\r\n\r\n<p>&nbsp;<\/p>\r\n\r\n<div class=\"wp-block-columns has-2-columns\">\r\n<div class=\"wp-block-column\">\r\n<div class=\"wp-block-spacer\" style=\"height: 100px;\" aria-hidden=\"true\">\u00a0<\/div>\r\n<p><\/p>\r\n<\/div>\r\n\r\n\r\n\r\n<div class=\"wp-block-column\">\u00a0<\/div>\r\n<p><\/p>\r\n<\/div>\r\n\r\n<p>&nbsp;<\/p>\r\n\r\n<div class=\"wp-block-image\">\r\n<figure class=\"aligncenter\"><img loading=\"lazy\" width=\"466\" height=\"534\" class=\"wp-image-2284\" src=\"https:\/\/www.filipegnv.com.br\/site\/wp-content\/uploads\/2021\/07\/Sem-t\u00edtulo-11-2.jpg\" alt=\"\" srcset=\"https:\/\/www.filipegnv.com.br\/site\/wp-content\/uploads\/2021\/07\/Sem-t\u00edtulo-11-2.jpg 466w, https:\/\/www.filipegnv.com.br\/site\/wp-content\/uploads\/2021\/07\/Sem-t\u00edtulo-11-2-262x300.jpg 262w, https:\/\/www.filipegnv.com.br\/site\/wp-content\/uploads\/2021\/07\/Sem-t\u00edtulo-11-2-428x491.jpg 428w\" sizes=\"(max-width: 466px) 100vw, 466px\" \/><\/figure>\r\n<\/div>\r\n\r\n<p><span style=\"color: #990000; font-size: xx-large;\"><em>Fale com um de nossos consultores especializados e comprove como podemos ajudar a resolver os problemas de sua frota. <\/em><\/span><\/p>\r\n\r\n<p>&nbsp;<\/p>\r\n\r\n<div class=\"wp-block-button aligncenter\"><a class=\"wp-block-button__link has-background\" style=\"background-color: #46790b;\" href=\"https:\/\/api.whatsapp.com\/send?phone=5521969078803&amp;text=Visitei o Site e Gostaria de Informa\u00e7\u00f5es sobre Filipe GNV Connect\">Entre em Contato Agora Para Saber Mais\u00a0<\/a><\/div>\r\n<p>[\/vc_column_text][\/vc_column][\/vc_row][vc_row][vc_column width=&#8221;1\/6&#8243;][\/vc_column][vc_column width=&#8221;2\/3&#8243;][vc_btn title=&#8221;Conhe\u00e7a aqui o contrato do plano Filipe Connect GNV&#8221; color=&#8221;sky&#8221; size=&#8221;lg&#8221; align=&#8221;center&#8221; button_block=&#8221;true&#8221; link=&#8221;url:https%3A%2F%2Fwww.filipegnv.com.br%2Fcontrato%2FCONTRATO%2520DE%2520PRESTA%25C3%2587%25C3%2583O%2520DE%2520SERVI%25C3%2587OS%2520DE%2520MANUTEN%25C3%2587%25C3%2583O%2520PREVENTIVA%2520E%2520CORRETIVA%2520DE%2520KIT%2520GNV%2520TAXISTA%2520AUTONOMO%2520vers%25C3%25A3o%25202.pdf|title:Contrato%20Filipe%20Connect%20GNV&#8221;][\/vc_column][vc_column width=&#8221;1\/6&#8243;][\/vc_column][\/vc_row]<\/p>","protected":false},"excerpt":{"rendered":"<p>[vc_row][vc_column][vc_column_text] A manuten\u00e7\u00e3o preventiva do seu ve\u00edculo com GNV \u00e9 aquela realizada periodicamente para corrigir falhas e prevenir problemas futuros, antes que eles aconte\u00e7am. Quando ela n\u00e3o \u00e9 feita de forma apropriada dentro do prazo certo, a chance do seu autom\u00f3vel precisar de uma manuten\u00e7\u00e3o corretiva aumenta, e o valor dessa manuten\u00e7\u00e3o pode custar muito&#8230;<\/p>\n","protected":false},"author":1,"featured_media":0,"parent":0,"menu_order":0,"comment_status":"closed","ping_status":"open","template":"","meta":[],"_links":{"self":[{"href":"https:\/\/www.filipegnv.com.br\/site\/wp-json\/wp\/v2\/pages\/2"}],"collection":[{"href":"https:\/\/www.filipegnv.com.br\/site\/wp-json\/wp\/v2\/pages"}],"about":[{"href":"https:\/\/www.filipegnv.com.br\/site\/wp-json\/wp\/v2\/types\/page"}],"author":[{"embeddable":true,"href":"https:\/\/www.filipegnv.com.br\/site\/wp-json\/wp\/v2\/users\/1"}],"replies":[{"embeddable":true,"href":"https:\/\/www.filipegnv.com.br\/site\/wp-json\/wp\/v2\/comments?post=2"}],"version-history":[{"count":52,"href":"https:\/\/www.filipegnv.com.br\/site\/wp-json\/wp\/v2\/pages\/2\/revisions"}],"predecessor-version":[{"id":2304,"href":"https:\/\/www.filipegnv.com.br\/site\/wp-json\/wp\/v2\/pages\/2\/revisions\/2304"}],"wp:attachment":[{"href":"https:\/\/www.filipegnv.com.br\/site\/wp-json\/wp\/v2\/media?parent=2"}],"curies":[{"name":"wp","href":"https:\/\/api.w.org\/{rel}","templated":true}]}}