{"id":48,"date":"2017-03-08T15:48:52","date_gmt":"2017-03-08T15:48:52","guid":{"rendered":"http:\/\/localhost\/wp-themes\/car-repair-services\/?page_id=48"},"modified":"2019-09-02T00:28:05","modified_gmt":"2019-09-02T03:28:05","slug":"contato","status":"publish","type":"page","link":"https:\/\/www.filipegnv.com.br\/site\/contato\/","title":{"rendered":"Contato"},"content":{"rendered":"<p>[vc_row el_class=&#8221;contact-hone-number&#8221; css=&#8221;.vc_custom_1516681192560{margin-bottom: 25px !important;}&#8221;][vc_column width=&#8221;4\/12&#8243;][vc_column_text css=&#8221;.vc_custom_1562163144919{margin-bottom: 0px !important;}&#8221;]<\/p>\n<h3>Fale Conosco:<br \/>\n(21) 3579-9096<br \/>\n(21) 96446-2825<\/h3>\n<p>[\/vc_column_text][\/vc_column][vc_column width=&#8221;8\/12&#8243;][vc_column_text css=&#8221;.vc_custom_1562163154955{margin-bottom: 0px !important;}&#8221;]Se voc\u00ea tiver d\u00favidas ou coment\u00e1rios sobre nossos servi\u00e7os ou seu ve\u00edculo, preencha um formul\u00e1rio de solicita\u00e7\u00e3o de contato abaixo. Ou, se preferir, pode entrar em contato conosco atrav\u00e9s de nossos telefones.[\/vc_column_text][\/vc_column][\/vc_row][vc_row el_class=&#8221;btn-contacts contacts-page&#8221;][vc_column][vc_column_text]<\/p>\n<h2>Formul\u00e1rio de Contato<\/h2>\n<p>[\/vc_column_text]<div role=\"form\" class=\"wpcf7\" id=\"wpcf7-f54-o1\" lang=\"en-US\" dir=\"ltr\">\n<div class=\"screen-reader-response\"><p role=\"status\" aria-live=\"polite\" aria-atomic=\"true\"><\/p> <ul><\/ul><\/div>\n<form action=\"\/site\/wp-json\/wp\/v2\/pages\/48#wpcf7-f54-o1\" method=\"post\" class=\"wpcf7-form init\" novalidate=\"novalidate\" data-status=\"init\">\n<div style=\"display: none;\">\n<input type=\"hidden\" name=\"_wpcf7\" value=\"54\" \/>\n<input type=\"hidden\" name=\"_wpcf7_version\" value=\"5.4.2\" \/>\n<input type=\"hidden\" name=\"_wpcf7_locale\" value=\"en_US\" \/>\n<input type=\"hidden\" name=\"_wpcf7_unit_tag\" value=\"wpcf7-f54-o1\" \/>\n<input type=\"hidden\" name=\"_wpcf7_container_post\" value=\"0\" \/>\n<input type=\"hidden\" name=\"_wpcf7_posted_data_hash\" value=\"\" \/>\n<input type=\"hidden\" name=\"_wpcf7_recaptcha_response\" value=\"\" \/>\n<\/div>\n<div class=\"row\">\n<div class=\"col-sm-6\">\n<div class=\"input-wrapper\">\n           <span class=\"wpcf7-form-control-wrap your-name\"><input type=\"text\" name=\"your-name\" value=\"\" size=\"40\" class=\"wpcf7-form-control wpcf7-text wpcf7-validates-as-required input-full input-custom\" aria-required=\"true\" aria-invalid=\"false\" placeholder=\"Nome\" \/><\/span>\n        <\/div>\n<div class=\"input-wrapper\">\n            <span class=\"wpcf7-form-control-wrap your-phone\"><input type=\"text\" name=\"your-phone\" value=\"\" size=\"40\" class=\"wpcf7-form-control wpcf7-text wpcf7-validates-as-required input-full input-custom\" aria-required=\"true\" aria-invalid=\"false\" placeholder=\"Telefone\" \/><\/span>\n        <\/div>\n<div class=\"input-wrapper\">\n            <span class=\"wpcf7-form-control-wrap your-email\"><input type=\"email\" name=\"your-email\" value=\"\" size=\"40\" class=\"wpcf7-form-control wpcf7-text wpcf7-email wpcf7-validates-as-required wpcf7-validates-as-email input-full input-custom\" aria-required=\"true\" aria-invalid=\"false\" placeholder=\"Email\" \/><\/span>\n        <\/div>\n<\/div>\n<div class=\"col-sm-6\">\n<div class=\"input-wrapper\">\n            <span class=\"wpcf7-form-control-wrap your-subject\"><input type=\"text\" name=\"your-subject\" value=\"\" size=\"40\" class=\"wpcf7-form-control wpcf7-text wpcf7-validates-as-required input-full input-custom\" aria-required=\"true\" aria-invalid=\"false\" placeholder=\"Assunto\" \/><\/span>\n        <\/div>\n<p>        <span class=\"wpcf7-form-control-wrap your-message\"><textarea name=\"your-message\" cols=\"40\" rows=\"10\" class=\"wpcf7-form-control wpcf7-textarea wpcf7-validates-as-required textarea-custom input-full\" aria-required=\"true\" aria-invalid=\"false\" placeholder=\"Mensagem\"><\/textarea><\/span>\n    <\/p><\/div>\n<\/div>\n<p><input type=\"submit\" value=\"Enviar Mensagem\" class=\"wpcf7-form-control wpcf7-submit\" \/><\/p>\n<div class=\"wpcf7-response-output\" aria-hidden=\"true\"><\/div><\/form><\/div>[\/vc_column][\/vc_row][vc_row][vc_column css=&#8221;.vc_custom_1516681333259{margin-bottom: 5px !important;}&#8221;][vc_widget_sidebar sidebar_id=&#8221;contact_us_sideber&#8221;][\/vc_column][\/vc_row]<\/p>\n","protected":false},"excerpt":{"rendered":"<p>[vc_row el_class=&#8221;contact-hone-number&#8221; css=&#8221;.vc_custom_1516681192560{margin-bottom: 25px !important;}&#8221;][vc_column width=&#8221;4\/12&#8243;][vc_column_text css=&#8221;.vc_custom_1562163144919{margin-bottom: 0px !important;}&#8221;] Fale Conosco: (21) 3579-9096 (21) 96446-2825 [\/vc_column_text][\/vc_column][vc_column width=&#8221;8\/12&#8243;][vc_column_text css=&#8221;.vc_custom_1562163154955{margin-bottom: 0px !important;}&#8221;]Se voc\u00ea tiver d\u00favidas ou coment\u00e1rios sobre nossos servi\u00e7os ou seu ve\u00edculo, preencha um formul\u00e1rio de solicita\u00e7\u00e3o de contato abaixo. Ou, se preferir, pode entrar em contato conosco atrav\u00e9s de nossos telefones.[\/vc_column_text][\/vc_column][\/vc_row][vc_row el_class=&#8221;btn-contacts contacts-page&#8221;][vc_column][vc_column_text] Formul\u00e1rio de&#8230;<\/p>\n","protected":false},"author":1,"featured_media":0,"parent":0,"menu_order":0,"comment_status":"closed","ping_status":"closed","template":"","meta":[],"_links":{"self":[{"href":"https:\/\/www.filipegnv.com.br\/site\/wp-json\/wp\/v2\/pages\/48"}],"collection":[{"href":"https:\/\/www.filipegnv.com.br\/site\/wp-json\/wp\/v2\/pages"}],"about":[{"href":"https:\/\/www.filipegnv.com.br\/site\/wp-json\/wp\/v2\/types\/page"}],"author":[{"embeddable":true,"href":"https:\/\/www.filipegnv.com.br\/site\/wp-json\/wp\/v2\/users\/1"}],"replies":[{"embeddable":true,"href":"https:\/\/www.filipegnv.com.br\/site\/wp-json\/wp\/v2\/comments?post=48"}],"version-history":[{"count":8,"href":"https:\/\/www.filipegnv.com.br\/site\/wp-json\/wp\/v2\/pages\/48\/revisions"}],"predecessor-version":[{"id":2066,"href":"https:\/\/www.filipegnv.com.br\/site\/wp-json\/wp\/v2\/pages\/48\/revisions\/2066"}],"wp:attachment":[{"href":"https:\/\/www.filipegnv.com.br\/site\/wp-json\/wp\/v2\/media?parent=48"}],"curies":[{"name":"wp","href":"https:\/\/api.w.org\/{rel}","templated":true}]}}