{"id":814,"date":"2017-04-25T05:45:54","date_gmt":"2017-04-25T05:45:54","guid":{"rendered":"http:\/\/localhost\/wp-themes\/car-repair-services\/testimonial-copy\/"},"modified":"2019-09-01T23:46:29","modified_gmt":"2019-09-02T02:46:29","slug":"depoimentos","status":"publish","type":"page","link":"https:\/\/www.filipegnv.com.br\/site\/depoimentos\/","title":{"rendered":"Depoimentos"},"content":{"rendered":"<p>[vc_row][vc_column][vc_column_text]<\/p>\n<h2 class=\"text-center h-bg\">O Que Nossos Clientes Dizem Sobre N\u00f3s<\/h2>\n<p>[\/vc_column_text][\/vc_column][\/vc_row][vc_row][vc_column]                    <div id=\"main-div\" class=\"blog-isotope\">\r\n                <input type=\"hidden\" id=\"per_page\" value=\"9 \"\/>\r\n                <input type=\"hidden\" id=\"grid_style\" value=\"grid \"\/>\r\n                <input type=\"hidden\" id=\"total_tes\" value=\"11 \"\/>\r\n                                                    <div class=\"testimonial-card\">\r\n                    <div class=\"testimonial-card-title\">\r\n                    <h5>Luiz Lins<\/h5><\/div>\r\n                    <div class=\"testimonial-card-text\"> <p>&#8220;N\u00e3o fiz o servi\u00e7o porque o problema do carro n\u00e3o estava relacionado com o gnv. E, conforme orienta\u00e7\u00e3o, procurei uma oficina e o problema realmente era conforme a orienta\u00e7\u00e3o. Nota mil e, valeu!!!&#8221;<\/p>\n <\/div>\r\n                    <div class=\"testimonial-card-rating\">\r\n                        <div class=\"rating rating-5\"><i class=\"icon-star\"><\/i><i class=\"icon-star\"><\/i><i class=\"icon-star\"><\/i><i class=\"icon-star\"><\/i><i class=\"icon-star\"><\/i><\/div>\r\n                    <\/div>\r\n                <\/div>\r\n            \r\n                                            <div class=\"testimonial-card\">\r\n                    <div class=\"testimonial-card-title\">\r\n                    <h5>tiagodatjb<\/h5><\/div>\r\n                    <div class=\"testimonial-card-text\"> <p>&#8220;J\u00e1 havia passado em 3 convertedoras ( inclusive a que instalei o GNV) e nenhuma havia solucionado meus problemas. O Filipe com toda a honestidade do mundo e sua experi\u00eancia solucionou com maestria.<\/p>\n<p>Indico com toda certeza e me arrependo de n\u00e3o ter conhecido antes.<\/p>\n<p>Parab\u00e9ns !!&#8221;<\/p>\n <\/div>\r\n                    <div class=\"testimonial-card-rating\">\r\n                        <div class=\"rating rating-5\"><i class=\"icon-star\"><\/i><i class=\"icon-star\"><\/i><i class=\"icon-star\"><\/i><i class=\"icon-star\"><\/i><i class=\"icon-star\"><\/i><\/div>\r\n                    <\/div>\r\n                <\/div>\r\n            \r\n                                            <div class=\"testimonial-card\">\r\n                    <div class=\"testimonial-card-title\">\r\n                    <h5>Ronaldo Branco<\/h5><\/div>\r\n                    <div class=\"testimonial-card-text\"> <p>&#8220;\u00d3timo atendimento, bons profissionais, honestidade e bom pre\u00e7o. Recomendo para quem tem qualquer problema no carro com GNV.&#8221;<\/p>\n <\/div>\r\n                    <div class=\"testimonial-card-rating\">\r\n                        <div class=\"rating rating-5\"><i class=\"icon-star\"><\/i><i class=\"icon-star\"><\/i><i class=\"icon-star\"><\/i><i class=\"icon-star\"><\/i><i class=\"icon-star\"><\/i><\/div>\r\n                    <\/div>\r\n                <\/div>\r\n            \r\n                                            <div class=\"testimonial-card\">\r\n                    <div class=\"testimonial-card-title\">\r\n                    <h5>C\u00e1tia Vaz<\/h5><\/div>\r\n                    <div class=\"testimonial-card-text\"> <p>&#8220;Excelente atendimento. A confian\u00e7a, aten\u00e7\u00e3o e respeito desprendido por todos os funcion\u00e1rios, a mim como cliente \u00e9 inenarr\u00e1vel.&#8221;<\/p>\n <\/div>\r\n                    <div class=\"testimonial-card-rating\">\r\n                        <div class=\"rating rating-5\"><i class=\"icon-star\"><\/i><i class=\"icon-star\"><\/i><i class=\"icon-star\"><\/i><i class=\"icon-star\"><\/i><i class=\"icon-star\"><\/i><\/div>\r\n                    <\/div>\r\n                <\/div>\r\n            \r\n                                            <div class=\"testimonial-card\">\r\n                    <div class=\"testimonial-card-title\">\r\n                    <h5>Bruno paboudjian<\/h5><\/div>\r\n                    <div class=\"testimonial-card-text\"> <p>&#8220;Empresa honesta, instala\u00e7\u00e3o ficou perfeita, recomendo.&#8221;<\/p>\n <\/div>\r\n                    <div class=\"testimonial-card-rating\">\r\n                        <div class=\"rating rating-5\"><i class=\"icon-star\"><\/i><i class=\"icon-star\"><\/i><i class=\"icon-star\"><\/i><i class=\"icon-star\"><\/i><i class=\"icon-star\"><\/i><\/div>\r\n                    <\/div>\r\n                <\/div>\r\n            \r\n                                            <div class=\"testimonial-card\">\r\n                    <div class=\"testimonial-card-title\">\r\n                    <h5>Paulo Roncoli<\/h5><\/div>\r\n                    <div class=\"testimonial-card-text\"> <p>&#8220;\u00d3timo confian\u00e7a total servi\u00e7os de primeira funcion\u00e1rios competentes&#8221;<\/p>\n <\/div>\r\n                    <div class=\"testimonial-card-rating\">\r\n                        <div class=\"rating rating-5\"><i class=\"icon-star\"><\/i><i class=\"icon-star\"><\/i><i class=\"icon-star\"><\/i><i class=\"icon-star\"><\/i><i class=\"icon-star\"><\/i><\/div>\r\n                    <\/div>\r\n                <\/div>\r\n            \r\n                                            <div class=\"testimonial-card\">\r\n                    <div class=\"testimonial-card-title\">\r\n                    <h5>Marcelo<\/h5><\/div>\r\n                    <div class=\"testimonial-card-text\"> <p>&#8220;Excelente Convertedora GVN. Na pr\u00e9 instala\u00e7\u00e3o tirou todas as d\u00favidas e me deu toda orienta\u00e7\u00e3o sobre o melhor kit para o meu ve\u00edculo e est\u00e1 sempre pronto a esclarecer qualquer d\u00favida e dar o suporte necess\u00e1rio. Empresa honesta e comprometida com o cliente.&#8221;<\/p>\n <\/div>\r\n                    <div class=\"testimonial-card-rating\">\r\n                        <div class=\"rating rating-5\"><i class=\"icon-star\"><\/i><i class=\"icon-star\"><\/i><i class=\"icon-star\"><\/i><i class=\"icon-star\"><\/i><i class=\"icon-star\"><\/i><\/div>\r\n                    <\/div>\r\n                <\/div>\r\n            \r\n                                            <div class=\"testimonial-card\">\r\n                    <div class=\"testimonial-card-title\">\r\n                    <h5>Leonardo Galv\u00e3o Aires<\/h5><\/div>\r\n                    <div class=\"testimonial-card-text\"> <p>&#8220;\u00c9 a melhor instaladora especializada em otimiza\u00e7\u00e3o de espa\u00e7o. Fiz a instala\u00e7\u00e3o do GNV de 5a gera\u00e7\u00e3o no meu HR-V sem perder mala e ainda podendo deitar os bancos bipartidos, ou seja agora tenho GNV da marca italiana BRT em um carro Top de linha com \u00f3timo espa\u00e7o interno para transportar o que desejar. E detalhe os dois cilindros entram no espa\u00e7o original do step. sem precisar furar o carro. O trabalho ficou t\u00e3o bom que dois outros amigos que tamb\u00e9m t\u00eam HR-V, acabaram instalando l\u00e1 tamb\u00e9m. O acabamento \u00e9 Perfeito.&#8221;<\/p>\n <\/div>\r\n                    <div class=\"testimonial-card-rating\">\r\n                        <div class=\"rating rating-5\"><i class=\"icon-star\"><\/i><i class=\"icon-star\"><\/i><i class=\"icon-star\"><\/i><i class=\"icon-star\"><\/i><i class=\"icon-star\"><\/i><\/div>\r\n                    <\/div>\r\n                <\/div>\r\n            \r\n                                            <div class=\"testimonial-card\">\r\n                    <div class=\"testimonial-card-title\">\r\n                    <h5>Sergio Pina<\/h5><\/div>\r\n                    <div class=\"testimonial-card-text\"> <p>\u201cSempre resolve problemas com g\u00e1s e instalam muito bem. Bom pre\u00e7o e atendimento agrad\u00e1vel.\u201d<\/p>\n <\/div>\r\n                    <div class=\"testimonial-card-rating\">\r\n                        <div class=\"rating rating-5\"><i class=\"icon-star\"><\/i><i class=\"icon-star\"><\/i><i class=\"icon-star\"><\/i><i class=\"icon-star\"><\/i><i class=\"icon-star\"><\/i><\/div>\r\n                    <\/div>\r\n                <\/div>\r\n            \r\n                                        <\/div>\r\n                            <div id=\"testimonialPreload\"><\/div>\r\n\r\n                <div id=\"moreLoader\" class=\"more-loader\"><img src=\"https:\/\/www.filipegnv.com.br\/site\/wp-content\/themes\/car-repair-services\/images\/ajax-loader.gif\" alt=\"\"><\/div>\r\n                <div class=\"text-center\"><a class=\"btn btn-lg btn-invert view-more-testimonial\" data-load=\"testimonial-more-ajax.txt\"><span>Mais Depoimentos<\/span><\/a><\/div>\r\n                            [\/vc_column][\/vc_row]<\/p>\n","protected":false},"excerpt":{"rendered":"<p>[vc_row][vc_column][vc_column_text] O Que Nossos Clientes Dizem Sobre N\u00f3s [\/vc_column_text][\/vc_column][\/vc_row][vc_row][vc_column][\/vc_column][\/vc_row]<\/p>\n","protected":false},"author":1,"featured_media":0,"parent":0,"menu_order":0,"comment_status":"closed","ping_status":"closed","template":"","meta":[],"_links":{"self":[{"href":"https:\/\/www.filipegnv.com.br\/site\/wp-json\/wp\/v2\/pages\/814"}],"collection":[{"href":"https:\/\/www.filipegnv.com.br\/site\/wp-json\/wp\/v2\/pages"}],"about":[{"href":"https:\/\/www.filipegnv.com.br\/site\/wp-json\/wp\/v2\/types\/page"}],"author":[{"embeddable":true,"href":"https:\/\/www.filipegnv.com.br\/site\/wp-json\/wp\/v2\/users\/1"}],"replies":[{"embeddable":true,"href":"https:\/\/www.filipegnv.com.br\/site\/wp-json\/wp\/v2\/comments?post=814"}],"version-history":[{"count":2,"href":"https:\/\/www.filipegnv.com.br\/site\/wp-json\/wp\/v2\/pages\/814\/revisions"}],"predecessor-version":[{"id":2053,"href":"https:\/\/www.filipegnv.com.br\/site\/wp-json\/wp\/v2\/pages\/814\/revisions\/2053"}],"wp:attachment":[{"href":"https:\/\/www.filipegnv.com.br\/site\/wp-json\/wp\/v2\/media?parent=814"}],"curies":[{"name":"wp","href":"https:\/\/api.w.org\/{rel}","templated":true}]}}